{"id":15,"date":"2022-01-11T10:27:47","date_gmt":"2022-01-11T09:27:47","guid":{"rendered":"http:\/\/vps-565ece63.vps.ovh.net\/?page_id=15"},"modified":"2024-10-30T11:30:00","modified_gmt":"2024-10-30T10:30:00","slug":"actualites-levage","status":"publish","type":"page","link":"https:\/\/mediaco-groupe.com\/en\/lifting-news\/","title":{"rendered":"News"},"content":{"rendered":"<div data-elementor-type=\"wp-page\" data-elementor-id=\"15\" class=\"elementor elementor-15\" data-elementor-post-type=\"page\">\n\t\t\t\t\t\t<section class=\"elementor-section elementor-top-section elementor-element elementor-element-d08c5f3 elementor-section-height-min-height elementor-section-boxed elementor-section-height-default elementor-section-items-middle\" data-id=\"d08c5f3\" data-element_type=\"section\" data-e-type=\"section\" id=\"top\" data-settings=\"{&quot;background_background&quot;:&quot;classic&quot;}\">\n\t\t\t\t\t\t\t<div class=\"elementor-background-overlay\"><\/div>\n\t\t\t\t\t\t\t<div class=\"elementor-container elementor-column-gap-default\">\n\t\t\t\t\t<div class=\"elementor-column elementor-col-100 elementor-top-column elementor-element elementor-element-2795bc18\" data-id=\"2795bc18\" data-element_type=\"column\" data-e-type=\"column\">\n\t\t\t<div class=\"elementor-widget-wrap elementor-element-populated\">\n\t\t\t\t\t\t<div class=\"elementor-element elementor-element-163ec235 animated-fast elementor-invisible elementor-widget elementor-widget-heading\" data-id=\"163ec235\" data-element_type=\"widget\" data-e-type=\"widget\" data-settings=\"{&quot;_animation&quot;:&quot;fadeInDown&quot;,&quot;_animation_mobile&quot;:&quot;none&quot;}\" data-widget_type=\"heading.default\">\n\t\t\t\t<div class=\"elementor-widget-container\">\n\t\t\t\t\t<h1 class=\"elementor-heading-title elementor-size-default\">GROUP ACTIVITIES, NEWS<\/h1>\t\t\t\t<\/div>\n\t\t\t\t<\/div>\n\t\t\t\t<div class=\"elementor-element elementor-element-3473ab8 animated-fast elementor-invisible elementor-widget elementor-widget-heading\" data-id=\"3473ab8\" data-element_type=\"widget\" data-e-type=\"widget\" data-settings=\"{&quot;_animation&quot;:&quot;fadeInUp&quot;,&quot;_animation_mobile&quot;:&quot;none&quot;}\" data-widget_type=\"heading.default\">\n\t\t\t\t<div class=\"elementor-widget-container\">\n\t\t\t\t\t<p class=\"elementor-heading-title elementor-size-default\">Discover some of our finest achievements and follow group news.<\/p>\t\t\t\t<\/div>\n\t\t\t\t<\/div>\n\t\t\t\t\t<\/div>\n\t\t<\/div>\n\t\t\t\t\t<\/div>\n\t\t<\/section>\n\t\t\t\t<section class=\"elementor-section elementor-top-section elementor-element elementor-element-f5d7ad9 elementor-section-height-min-height elementor-section-boxed elementor-section-height-default elementor-section-items-middle\" data-id=\"f5d7ad9\" data-element_type=\"section\" data-e-type=\"section\" data-settings=\"{&quot;background_background&quot;:&quot;classic&quot;}\">\n\t\t\t\t\t\t<div class=\"elementor-container elementor-column-gap-default\">\n\t\t\t\t\t<div class=\"elementor-column elementor-col-50 elementor-top-column elementor-element elementor-element-f47823e\" data-id=\"f47823e\" data-element_type=\"column\" data-e-type=\"column\">\n\t\t\t<div class=\"elementor-widget-wrap elementor-element-populated\">\n\t\t\t\t\t\t<div class=\"elementor-element elementor-element-e273e1c elementor-widget__width-auto elementor-hidden-tablet elementor-hidden-mobile animated-fast elementor-invisible elementor-widget elementor-widget-html\" data-id=\"e273e1c\" data-element_type=\"widget\" data-e-type=\"widget\" data-settings=\"{&quot;_animation&quot;:&quot;fadeInDown&quot;}\" data-widget_type=\"html.default\">\n\t\t\t\t<div class=\"elementor-widget-container\">\n\t\t\t\t\t<div class=\"triangle-plein\"><\/div>\t\t\t\t<\/div>\n\t\t\t\t<\/div>\n\t\t\t\t<div class=\"elementor-element elementor-element-473048a elementor-widget__width-auto animated-fast elementor-invisible elementor-widget elementor-widget-heading\" data-id=\"473048a\" data-element_type=\"widget\" data-e-type=\"widget\" data-settings=\"{&quot;_animation&quot;:&quot;fadeInDown&quot;,&quot;_animation_mobile&quot;:&quot;none&quot;}\" data-widget_type=\"heading.default\">\n\t\t\t\t<div class=\"elementor-widget-container\">\n\t\t\t\t\t<h2 class=\"elementor-heading-title elementor-size-default\">GROUP'S LIFE.<\/h2>\t\t\t\t<\/div>\n\t\t\t\t<\/div>\n\t\t\t\t<div class=\"elementor-element elementor-element-0a77a95 animated-fast elementor-invisible elementor-widget elementor-widget-text-editor\" data-id=\"0a77a95\" data-element_type=\"widget\" data-e-type=\"widget\" data-settings=\"{&quot;_animation&quot;:&quot;fadeInUp&quot;,&quot;_animation_mobile&quot;:&quot;none&quot;}\" data-widget_type=\"text-editor.default\">\n\t\t\t\t<div class=\"elementor-widget-container\">\n\t\t\t\t\t\t\t\t\t<p>Follow our lifting and material handling operations, as well as our news on our socials.<\/p>\t\t\t\t\t\t\t\t<\/div>\n\t\t\t\t<\/div>\n\t\t\t\t\t<\/div>\n\t\t<\/div>\n\t\t\t\t<div class=\"elementor-column elementor-col-50 elementor-top-column elementor-element elementor-element-b4aefcf\" data-id=\"b4aefcf\" data-element_type=\"column\" data-e-type=\"column\">\n\t\t\t<div class=\"elementor-widget-wrap elementor-element-populated\">\n\t\t\t\t\t\t<div class=\"elementor-element elementor-element-059dc13 animated-fast elementor-invisible elementor-widget elementor-widget-image\" data-id=\"059dc13\" data-element_type=\"widget\" data-e-type=\"widget\" data-settings=\"{&quot;_animation&quot;:&quot;fadeInUp&quot;,&quot;_animation_mobile&quot;:&quot;none&quot;}\" data-widget_type=\"image.default\">\n\t\t\t\t<div class=\"elementor-widget-container\">\n\t\t\t\t\t\t\t\t\t\t\t\t\t\t\t<img loading=\"lazy\" decoding=\"async\" width=\"800\" height=\"534\" src=\"https:\/\/mediaco-groupe.com\/wp-content\/uploads\/2022\/07\/grue-mobile-industriel-1024x683.webp\" class=\"attachment-large size-large wp-image-16714\" alt=\"\" srcset=\"https:\/\/mediaco-groupe.com\/wp-content\/uploads\/2022\/07\/grue-mobile-industriel-1024x683.webp 1024w, https:\/\/mediaco-groupe.com\/wp-content\/uploads\/2022\/07\/grue-mobile-industriel-300x200.webp 300w, https:\/\/mediaco-groupe.com\/wp-content\/uploads\/2022\/07\/grue-mobile-industriel-768x512.webp 768w, https:\/\/mediaco-groupe.com\/wp-content\/uploads\/2022\/07\/grue-mobile-industriel-1536x1024.webp 1536w, https:\/\/mediaco-groupe.com\/wp-content\/uploads\/2022\/07\/grue-mobile-industriel-18x12.webp 18w, https:\/\/mediaco-groupe.com\/wp-content\/uploads\/2022\/07\/grue-mobile-industriel.webp 1920w\" sizes=\"auto, (max-width: 800px) 100vw, 800px\" \/>\t\t\t\t\t\t\t\t\t\t\t\t\t\t\t<\/div>\n\t\t\t\t<\/div>\n\t\t\t\t\t<\/div>\n\t\t<\/div>\n\t\t\t\t\t<\/div>\n\t\t<\/section>\n\t\t\t\t<\/div>","protected":false},"excerpt":{"rendered":"<p>ACTUALIT\u00c9S MEDIACO LEVAGE D\u00e9couvrez quelques-unes de nos plus belles r\u00e9alisations et suivez l&rsquo;actualit\u00e9 du groupe VIE DU GROUPE. Toujours pr\u00e9sents sur des chantiers en France<\/p>","protected":false},"author":1,"featured_media":0,"parent":0,"menu_order":0,"comment_status":"closed","ping_status":"closed","template":"elementor_header_footer","meta":{"footnotes":""},"class_list":["post-15","page","type-page","status-publish","hentry"],"yoast_head":"<!-- This site is optimized with the Yoast SEO plugin v27.4 - https:\/\/yoast.com\/product\/yoast-seo-wordpress\/ -->\n<title>Actualit\u00e9s et Vie du Groupe - MEDIACO<\/title>\n<meta name=\"description\" content=\"Retrouvez toutes les actualit\u00e9s du groupe MEDIACO Levage et suivez nos interventions de levage, manutention, transport et logistique.\" \/>\n<meta name=\"robots\" content=\"index, follow, max-snippet:-1, max-image-preview:large, max-video-preview:-1\" \/>\n<link rel=\"canonical\" href=\"https:\/\/mediaco-groupe.com\/en\/lifting-news\/\" \/>\n<meta property=\"og:locale\" content=\"en_GB\" \/>\n<meta property=\"og:type\" content=\"article\" \/>\n<meta property=\"og:title\" content=\"Actualit\u00e9s et Vie du Groupe - MEDIACO\" \/>\n<meta property=\"og:description\" content=\"Retrouvez toutes les actualit\u00e9s du groupe MEDIACO Levage et suivez nos interventions de levage, manutention, transport et logistique.\" \/>\n<meta property=\"og:url\" content=\"https:\/\/mediaco-groupe.com\/en\/lifting-news\/\" \/>\n<meta property=\"og:site_name\" content=\"Location et vente de nacelles, grues, mat\u00e9riels de levage - Mediaco\" \/>\n<meta property=\"article:publisher\" content=\"https:\/\/www.facebook.com\/GroupeMediaco\" \/>\n<meta property=\"article:modified_time\" content=\"2024-10-30T10:30:00+00:00\" \/>\n<meta property=\"og:image\" content=\"https:\/\/mediaco-groupe.com\/wp-content\/uploads\/2022\/07\/grue-mobile-industriel-1024x683.webp\" \/>\n<meta name=\"twitter:card\" content=\"summary_large_image\" \/>\n<meta name=\"twitter:site\" content=\"@GroupeMediaco\" \/>\n<meta name=\"twitter:label1\" content=\"Estimated reading time\" \/>\n\t<meta name=\"twitter:data1\" content=\"3 minutes\" \/>\n<script type=\"application\/ld+json\" class=\"yoast-schema-graph\">{\"@context\":\"https:\\\/\\\/schema.org\",\"@graph\":[{\"@type\":\"WebPage\",\"@id\":\"https:\\\/\\\/mediaco-groupe.com\\\/fr\\\/actualites-levage\\\/\",\"url\":\"https:\\\/\\\/mediaco-groupe.com\\\/fr\\\/actualites-levage\\\/\",\"name\":\"Actualit\u00e9s et Vie du Groupe - MEDIACO\",\"isPartOf\":{\"@id\":\"https:\\\/\\\/mediaco-groupe.com\\\/fr\\\/#website\"},\"primaryImageOfPage\":{\"@id\":\"https:\\\/\\\/mediaco-groupe.com\\\/fr\\\/actualites-levage\\\/#primaryimage\"},\"image\":{\"@id\":\"https:\\\/\\\/mediaco-groupe.com\\\/fr\\\/actualites-levage\\\/#primaryimage\"},\"thumbnailUrl\":\"https:\\\/\\\/mediaco-groupe.com\\\/wp-content\\\/uploads\\\/2022\\\/07\\\/grue-mobile-industriel-1024x683.webp\",\"datePublished\":\"2022-01-11T09:27:47+00:00\",\"dateModified\":\"2024-10-30T10:30:00+00:00\",\"description\":\"Retrouvez toutes les actualit\u00e9s du groupe MEDIACO Levage et suivez nos interventions de levage, manutention, transport et logistique.\",\"breadcrumb\":{\"@id\":\"https:\\\/\\\/mediaco-groupe.com\\\/fr\\\/actualites-levage\\\/#breadcrumb\"},\"inLanguage\":\"en-GB\",\"potentialAction\":[{\"@type\":\"ReadAction\",\"target\":[\"https:\\\/\\\/mediaco-groupe.com\\\/fr\\\/actualites-levage\\\/\"]}]},{\"@type\":\"ImageObject\",\"inLanguage\":\"en-GB\",\"@id\":\"https:\\\/\\\/mediaco-groupe.com\\\/fr\\\/actualites-levage\\\/#primaryimage\",\"url\":\"https:\\\/\\\/mediaco-groupe.com\\\/wp-content\\\/uploads\\\/2022\\\/07\\\/grue-mobile-industriel-1024x683.webp\",\"contentUrl\":\"https:\\\/\\\/mediaco-groupe.com\\\/wp-content\\\/uploads\\\/2022\\\/07\\\/grue-mobile-industriel-1024x683.webp\"},{\"@type\":\"BreadcrumbList\",\"@id\":\"https:\\\/\\\/mediaco-groupe.com\\\/fr\\\/actualites-levage\\\/#breadcrumb\",\"itemListElement\":[{\"@type\":\"ListItem\",\"position\":1,\"name\":\"Accueil\",\"item\":\"https:\\\/\\\/mediaco-groupe.com\\\/fr\\\/\"},{\"@type\":\"ListItem\",\"position\":2,\"name\":\"Actualit\u00e9s\"}]},{\"@type\":\"WebSite\",\"@id\":\"https:\\\/\\\/mediaco-groupe.com\\\/fr\\\/#website\",\"url\":\"https:\\\/\\\/mediaco-groupe.com\\\/fr\\\/\",\"name\":\"Location et vente de nacelles, grues, mat\u00e9riels de levage - Mediaco\",\"description\":\"Premier r\u00e9seau en France dans le Levage et la Manutention\",\"publisher\":{\"@id\":\"https:\\\/\\\/mediaco-groupe.com\\\/fr\\\/#organization\"},\"potentialAction\":[{\"@type\":\"SearchAction\",\"target\":{\"@type\":\"EntryPoint\",\"urlTemplate\":\"https:\\\/\\\/mediaco-groupe.com\\\/fr\\\/?s={search_term_string}\"},\"query-input\":{\"@type\":\"PropertyValueSpecification\",\"valueRequired\":true,\"valueName\":\"search_term_string\"}}],\"inLanguage\":\"en-GB\"},{\"@type\":\"Organization\",\"@id\":\"https:\\\/\\\/mediaco-groupe.com\\\/fr\\\/#organization\",\"name\":\"Mediaco Levage\",\"url\":\"https:\\\/\\\/mediaco-groupe.com\\\/fr\\\/\",\"logo\":{\"@type\":\"ImageObject\",\"inLanguage\":\"en-GB\",\"@id\":\"https:\\\/\\\/mediaco-groupe.com\\\/fr\\\/#\\\/schema\\\/logo\\\/image\\\/\",\"url\":\"https:\\\/\\\/mediaco-groupe.com\\\/wp-content\\\/uploads\\\/2022\\\/01\\\/logo-mediaco.svg\",\"contentUrl\":\"https:\\\/\\\/mediaco-groupe.com\\\/wp-content\\\/uploads\\\/2022\\\/01\\\/logo-mediaco.svg\",\"width\":590,\"height\":72,\"caption\":\"Mediaco Levage\"},\"image\":{\"@id\":\"https:\\\/\\\/mediaco-groupe.com\\\/fr\\\/#\\\/schema\\\/logo\\\/image\\\/\"},\"sameAs\":[\"https:\\\/\\\/www.facebook.com\\\/GroupeMediaco\",\"https:\\\/\\\/x.com\\\/GroupeMediaco\",\"https:\\\/\\\/www.linkedin.com\\\/company\\\/mediaco\\\/\",\"https:\\\/\\\/www.youtube.com\\\/MediacoLevage\",\"https:\\\/\\\/www.instagram.com\\\/groupemediaco\\\/\"]}]}<\/script>\n<!-- \/ Yoast SEO plugin. -->","yoast_head_json":{"title":"Mediaco News - Lifting, handling, transport, construction, ...","description":"Find all the news of the MEDIACO Lifting group and follow our interventions in lifting, handling, transport and logistics.","robots":{"index":"index","follow":"follow","max-snippet":"max-snippet:-1","max-image-preview":"max-image-preview:large","max-video-preview":"max-video-preview:-1"},"canonical":"https:\/\/mediaco-groupe.com\/en\/lifting-news\/","og_locale":"en_GB","og_type":"article","og_title":"Actualit\u00e9s et Vie du Groupe - MEDIACO","og_description":"Retrouvez toutes les actualit\u00e9s du groupe MEDIACO Levage et suivez nos interventions de levage, manutention, transport et logistique.","og_url":"https:\/\/mediaco-groupe.com\/en\/lifting-news\/","og_site_name":"Location et vente de nacelles, grues, mat\u00e9riels de levage - Mediaco","article_publisher":"https:\/\/www.facebook.com\/GroupeMediaco","article_modified_time":"2024-10-30T10:30:00+00:00","og_image":[{"url":"https:\/\/mediaco-groupe.com\/wp-content\/uploads\/2022\/07\/grue-mobile-industriel-1024x683.webp","type":"","width":"","height":""}],"twitter_card":"summary_large_image","twitter_site":"@GroupeMediaco","twitter_misc":{"Estimated reading time":"3 minutes"},"schema":{"@context":"https:\/\/schema.org","@graph":[{"@type":"WebPage","@id":"https:\/\/mediaco-groupe.com\/fr\/actualites-levage\/","url":"https:\/\/mediaco-groupe.com\/fr\/actualites-levage\/","name":"Mediaco News - Lifting, handling, transport, construction, ...","isPartOf":{"@id":"https:\/\/mediaco-groupe.com\/fr\/#website"},"primaryImageOfPage":{"@id":"https:\/\/mediaco-groupe.com\/fr\/actualites-levage\/#primaryimage"},"image":{"@id":"https:\/\/mediaco-groupe.com\/fr\/actualites-levage\/#primaryimage"},"thumbnailUrl":"https:\/\/mediaco-groupe.com\/wp-content\/uploads\/2022\/07\/grue-mobile-industriel-1024x683.webp","datePublished":"2022-01-11T09:27:47+00:00","dateModified":"2024-10-30T10:30:00+00:00","description":"Find all the news of the MEDIACO Lifting group and follow our interventions in lifting, handling, transport and logistics.","breadcrumb":{"@id":"https:\/\/mediaco-groupe.com\/fr\/actualites-levage\/#breadcrumb"},"inLanguage":"en-GB","potentialAction":[{"@type":"ReadAction","target":["https:\/\/mediaco-groupe.com\/fr\/actualites-levage\/"]}]},{"@type":"ImageObject","inLanguage":"en-GB","@id":"https:\/\/mediaco-groupe.com\/fr\/actualites-levage\/#primaryimage","url":"https:\/\/mediaco-groupe.com\/wp-content\/uploads\/2022\/07\/grue-mobile-industriel-1024x683.webp","contentUrl":"https:\/\/mediaco-groupe.com\/wp-content\/uploads\/2022\/07\/grue-mobile-industriel-1024x683.webp"},{"@type":"BreadcrumbList","@id":"https:\/\/mediaco-groupe.com\/fr\/actualites-levage\/#breadcrumb","itemListElement":[{"@type":"ListItem","position":1,"name":"Accueil","item":"https:\/\/mediaco-groupe.com\/fr\/"},{"@type":"ListItem","position":2,"name":"Actualit\u00e9s"}]},{"@type":"WebSite","@id":"https:\/\/mediaco-groupe.com\/fr\/#website","url":"https:\/\/mediaco-groupe.com\/fr\/","name":"Location et vente de nacelles, grues, mat\u00e9riels de levage - Mediaco","description":"Premier r\u00e9seau en France dans le Levage et la Manutention","publisher":{"@id":"https:\/\/mediaco-groupe.com\/fr\/#organization"},"potentialAction":[{"@type":"SearchAction","target":{"@type":"EntryPoint","urlTemplate":"https:\/\/mediaco-groupe.com\/fr\/?s={search_term_string}"},"query-input":{"@type":"PropertyValueSpecification","valueRequired":true,"valueName":"search_term_string"}}],"inLanguage":"en-GB"},{"@type":"Organization","@id":"https:\/\/mediaco-groupe.com\/fr\/#organization","name":"Mediaco Levage","url":"https:\/\/mediaco-groupe.com\/fr\/","logo":{"@type":"ImageObject","inLanguage":"en-GB","@id":"https:\/\/mediaco-groupe.com\/fr\/#\/schema\/logo\/image\/","url":"https:\/\/mediaco-groupe.com\/wp-content\/uploads\/2022\/01\/logo-mediaco.svg","contentUrl":"https:\/\/mediaco-groupe.com\/wp-content\/uploads\/2022\/01\/logo-mediaco.svg","width":590,"height":72,"caption":"Mediaco Levage"},"image":{"@id":"https:\/\/mediaco-groupe.com\/fr\/#\/schema\/logo\/image\/"},"sameAs":["https:\/\/www.facebook.com\/GroupeMediaco","https:\/\/x.com\/GroupeMediaco","https:\/\/www.linkedin.com\/company\/mediaco\/","https:\/\/www.youtube.com\/MediacoLevage","https:\/\/www.instagram.com\/groupemediaco\/"]}]}},"_links":{"self":[{"href":"https:\/\/mediaco-groupe.com\/en\/wp-json\/wp\/v2\/pages\/15","targetHints":{"allow":["GET"]}}],"collection":[{"href":"https:\/\/mediaco-groupe.com\/en\/wp-json\/wp\/v2\/pages"}],"about":[{"href":"https:\/\/mediaco-groupe.com\/en\/wp-json\/wp\/v2\/types\/page"}],"author":[{"embeddable":true,"href":"https:\/\/mediaco-groupe.com\/en\/wp-json\/wp\/v2\/users\/1"}],"replies":[{"embeddable":true,"href":"https:\/\/mediaco-groupe.com\/en\/wp-json\/wp\/v2\/comments?post=15"}],"version-history":[{"count":4,"href":"https:\/\/mediaco-groupe.com\/en\/wp-json\/wp\/v2\/pages\/15\/revisions"}],"predecessor-version":[{"id":668291,"href":"https:\/\/mediaco-groupe.com\/en\/wp-json\/wp\/v2\/pages\/15\/revisions\/668291"}],"wp:attachment":[{"href":"https:\/\/mediaco-groupe.com\/en\/wp-json\/wp\/v2\/media?parent=15"}],"curies":[{"name":"wp","href":"https:\/\/api.w.org\/{rel}","templated":true}]}}