{"id":12800,"date":"2022-05-02T16:18:18","date_gmt":"2022-05-02T14:18:18","guid":{"rendered":"http:\/\/vps-565ece63.vps.ovh.net\/?page_id=12800"},"modified":"2025-04-24T15:39:54","modified_gmt":"2025-04-24T13:39:54","slug":"mentions-legales","status":"publish","type":"page","link":"https:\/\/mediaco-groupe.com\/fr\/mentions-legales\/","title":{"rendered":"Mentions l\u00e9gales"},"content":{"rendered":"\t\t<div data-elementor-type=\"wp-page\" data-elementor-id=\"12800\" class=\"elementor elementor-12800\" data-elementor-post-type=\"page\">\n\t\t\t\t\t\t<section class=\"elementor-section elementor-top-section elementor-element elementor-element-445672a elementor-section-height-min-height elementor-section-boxed elementor-section-height-default elementor-section-items-middle\" data-id=\"445672a\" data-element_type=\"section\" data-e-type=\"section\" id=\"top\">\n\t\t\t\t\t\t<div class=\"elementor-container elementor-column-gap-default\">\n\t\t\t\t\t<div class=\"elementor-column elementor-col-100 elementor-top-column elementor-element elementor-element-65917b0\" data-id=\"65917b0\" data-element_type=\"column\" data-e-type=\"column\">\n\t\t\t<div class=\"elementor-widget-wrap elementor-element-populated\">\n\t\t\t\t\t\t<div class=\"elementor-element elementor-element-2689bc0 animated-fast elementor-invisible elementor-widget elementor-widget-heading\" data-id=\"2689bc0\" data-element_type=\"widget\" data-e-type=\"widget\" data-settings=\"{&quot;_animation_tablet&quot;:&quot;fadeInDown&quot;,&quot;_animation&quot;:&quot;fadeInDown&quot;}\" data-widget_type=\"heading.default\">\n\t\t\t\t<div class=\"elementor-widget-container\">\n\t\t\t\t\t<h2 class=\"elementor-heading-title elementor-size-default\">Mentions l\u00e9gales.<\/h2>\t\t\t\t<\/div>\n\t\t\t\t<\/div>\n\t\t\t\t<div class=\"elementor-element elementor-element-2e082e6 animated-fast elementor-invisible elementor-widget elementor-widget-html\" data-id=\"2e082e6\" data-element_type=\"widget\" data-e-type=\"widget\" data-settings=\"{&quot;_animation&quot;:&quot;fadeInUp&quot;}\" data-widget_type=\"html.default\">\n\t\t\t\t<div class=\"elementor-widget-container\">\n\t\t\t\t\t<div class=\"rectangle-jaune\"><\/div>\t\t\t\t<\/div>\n\t\t\t\t<\/div>\n\t\t\t\t<div class=\"elementor-element elementor-element-072ef8e elementor-tablet-align-start animated-fast elementor-icon-list--layout-traditional elementor-list-item-link-full_width elementor-invisible elementor-widget elementor-widget-icon-list\" data-id=\"072ef8e\" data-element_type=\"widget\" data-e-type=\"widget\" data-settings=\"{&quot;_animation&quot;:&quot;fadeInUp&quot;}\" data-widget_type=\"icon-list.default\">\n\t\t\t\t<div class=\"elementor-widget-container\">\n\t\t\t\t\t\t\t<ul class=\"elementor-icon-list-items\">\n\t\t\t\t\t\t\t<li class=\"elementor-icon-list-item\">\n\t\t\t\t\t\t\t\t\t\t<span class=\"elementor-icon-list-text\"><b>\u00c9DITEUR : <\/b> MEDIACO LEVAGE, Espace Jean-Jacques Vernazza 17 avenue Andr\u00e9 Roussin 13016 MARSEILLE - FRANCE.<br>T\u00e9l : +33(0) 4.91.03.81.91<br>Fax : +33(0) 4.91.09.32.82\nR.C.S Marseille 325 793 560 - TVA FR 59 325 793 560<\/span>\n\t\t\t\t\t\t\t\t\t<\/li>\n\t\t\t\t\t\t<\/ul>\n\t\t\t\t\t\t<\/div>\n\t\t\t\t<\/div>\n\t\t\t\t<div class=\"elementor-element elementor-element-673e00f elementor-tablet-align-start animated-fast elementor-icon-list--layout-traditional elementor-list-item-link-full_width elementor-invisible elementor-widget elementor-widget-icon-list\" data-id=\"673e00f\" data-element_type=\"widget\" data-e-type=\"widget\" data-settings=\"{&quot;_animation&quot;:&quot;fadeInUp&quot;}\" data-widget_type=\"icon-list.default\">\n\t\t\t\t<div class=\"elementor-widget-container\">\n\t\t\t\t\t\t\t<ul class=\"elementor-icon-list-items\">\n\t\t\t\t\t\t\t<li class=\"elementor-icon-list-item\">\n\t\t\t\t\t\t\t\t\t\t<span class=\"elementor-icon-list-text\"><b>R\u00c9ALISATION : <\/b> MEDIACO LEVAGE, Service informatique &amp; communication, Espace Jean-Jacques Vernazza 17 avenue Andr\u00e9 Roussin 13016 MARSEILLE - FRANCE.<br>T\u00e9l : +33(0) 4.91.03.81.91<br>www.mediaco-groupe.com<\/span>\n\t\t\t\t\t\t\t\t\t<\/li>\n\t\t\t\t\t\t<\/ul>\n\t\t\t\t\t\t<\/div>\n\t\t\t\t<\/div>\n\t\t\t\t<div class=\"elementor-element elementor-element-4d0ec98 elementor-tablet-align-start animated-fast elementor-icon-list--layout-traditional elementor-list-item-link-full_width elementor-invisible elementor-widget elementor-widget-icon-list\" data-id=\"4d0ec98\" data-element_type=\"widget\" data-e-type=\"widget\" data-settings=\"{&quot;_animation&quot;:&quot;fadeInUp&quot;}\" data-widget_type=\"icon-list.default\">\n\t\t\t\t<div class=\"elementor-widget-container\">\n\t\t\t\t\t\t\t<ul class=\"elementor-icon-list-items\">\n\t\t\t\t\t\t\t<li class=\"elementor-icon-list-item\">\n\t\t\t\t\t\t\t\t\t\t<span class=\"elementor-icon-list-text\"><b>H\u00c9BERGEMENT : <\/b> OVH SAS, 2 Rue Kellermann 59100 Roubaix.<\/span>\n\t\t\t\t\t\t\t\t\t<\/li>\n\t\t\t\t\t\t<\/ul>\n\t\t\t\t\t\t<\/div>\n\t\t\t\t<\/div>\n\t\t\t\t<div class=\"elementor-element elementor-element-cedb5b3 elementor-tablet-align-start animated-fast elementor-icon-list--layout-traditional elementor-list-item-link-full_width elementor-invisible elementor-widget elementor-widget-icon-list\" data-id=\"cedb5b3\" data-element_type=\"widget\" data-e-type=\"widget\" data-settings=\"{&quot;_animation&quot;:&quot;fadeInUp&quot;}\" data-widget_type=\"icon-list.default\">\n\t\t\t\t<div class=\"elementor-widget-container\">\n\t\t\t\t\t\t\t<ul class=\"elementor-icon-list-items\">\n\t\t\t\t\t\t\t<li class=\"elementor-icon-list-item\">\n\t\t\t\t\t\t\t\t\t\t<span class=\"elementor-icon-list-text\"><b>PHOTOS, ILLUSTRATION, TEXTE : <\/b> Mediaco \u00a9 Toute reproduction, en tout ou en partie,&nbsp;sous quelque forme que ce soit, est interdite sans l'autorisation pr\u00e9alable de l'auteur.<\/span>\n\t\t\t\t\t\t\t\t\t<\/li>\n\t\t\t\t\t\t<\/ul>\n\t\t\t\t\t\t<\/div>\n\t\t\t\t<\/div>\n\t\t\t\t<div class=\"elementor-element elementor-element-df34e80 elementor-tablet-align-start animated-fast elementor-icon-list--layout-traditional elementor-list-item-link-full_width elementor-invisible elementor-widget elementor-widget-icon-list\" data-id=\"df34e80\" data-element_type=\"widget\" data-e-type=\"widget\" data-settings=\"{&quot;_animation&quot;:&quot;fadeInUp&quot;}\" data-widget_type=\"icon-list.default\">\n\t\t\t\t<div class=\"elementor-widget-container\">\n\t\t\t\t\t\t\t<ul class=\"elementor-icon-list-items\">\n\t\t\t\t\t\t\t<li class=\"elementor-icon-list-item\">\n\t\t\t\t\t\t\t\t\t\t<span class=\"elementor-icon-list-text\"><b>LES DROITS DES UTILISATEURS SUR LEURS DONN\u00c9ES : <\/b> Conform\u00e9ment \u00e0 la loi Informatique et Libert\u00e9s, et \u00e0 la r\u00e9glementation applicable aux donn\u00e9es \u00e0 caract\u00e8re personnel, les utilisateurs de ce site disposent des droits suivants  :<br><br>- Droit d'acc\u00e8s<br>- Droit de rectification<br>- Droit de suppression<br>- Droit \u00e0 la limitation<br>- Droit d'opposition<br>- Droit \u00e0 la portabilit\u00e9<br><br>Vous pouvez exercer chacun de ces droits \u00e0 tout moment en adressant un courrier accompagn\u00e9 d\u2019un justificatif d\u2019identit\u00e9 valide \u00e0 l\u2019adresse suivante :<br><br>- MEDIACO 17 Avenue Andr\u00e9 ROUSSIN 13016 MARSEILLE<br><br>Le service interviendra alors le plus rapidement possible d\u00e8s r\u00e9ception de votre demande. Le service interviendra alors le plus rapidement possible d\u00e8s r\u00e9ception de votre demande.<\/span>\n\t\t\t\t\t\t\t\t\t<\/li>\n\t\t\t\t\t\t<\/ul>\n\t\t\t\t\t\t<\/div>\n\t\t\t\t<\/div>\n\t\t\t\t<div class=\"elementor-element elementor-element-506c25e elementor-tablet-align-start animated-fast elementor-icon-list--layout-traditional elementor-list-item-link-full_width elementor-invisible elementor-widget elementor-widget-icon-list\" data-id=\"506c25e\" data-element_type=\"widget\" data-e-type=\"widget\" data-settings=\"{&quot;_animation&quot;:&quot;fadeInUp&quot;}\" data-widget_type=\"icon-list.default\">\n\t\t\t\t<div class=\"elementor-widget-container\">\n\t\t\t\t\t\t\t<ul class=\"elementor-icon-list-items\">\n\t\t\t\t\t\t\t<li class=\"elementor-icon-list-item\">\n\t\t\t\t\t\t\t\t\t\t<span class=\"elementor-icon-list-text\"><b>UTILISATION DES DONN\u00c9ES PERSONNELLES : <\/b> MEDIACO ne collecte et n\u2019utilise que les donn\u00e9es personnelles qui sont essentielles au bon fonctionnement du site et \u00e0 l\u2019utilisation de ses services. Sont susceptibles de faire intervenir des donn\u00e9es personnelles les \u00e9l\u00e9ments suivants :<br><br>- Les formulaires de contact<br>- Les formulaires de candidature<br>- Les formulaires de demande de location de mat\u00e9riel<br><br>La totalit\u00e9 du traitement de ces donn\u00e9es repose sur la base l\u00e9gale du consentement, mentionn\u00e9e \u00e0 l\u2019article 6 du RGPD (https:\/\/www.cnil.fr\/fr\/reglement-europeen-protection-donnees\/chapitre2#Article6). Ce consentement est requis explicitement sous la forme de cases \u00e0 cocher dans les formulaires du site. MEDIACO vous informe que l\u2019ensemble des donn\u00e9es \u00e0 caract\u00e8re personnel que vous pourriez lui communiquer par l\u2019interm\u00e9diaire de ce site sont destin\u00e9es uniquement au personnel habilit\u00e9 de l\u2019entreprise et ne seront transmises \u00e0 aucun tiers.<\/span>\n\t\t\t\t\t\t\t\t\t<\/li>\n\t\t\t\t\t\t<\/ul>\n\t\t\t\t\t\t<\/div>\n\t\t\t\t<\/div>\n\t\t\t\t\t<\/div>\n\t\t<\/div>\n\t\t\t\t\t<\/div>\n\t\t<\/section>\n\t\t\t\t<\/div>\n\t\t","protected":false},"excerpt":{"rendered":"<p>Mentions l\u00e9gales. \u00c9DITEUR : MEDIACO LEVAGE, Espace Jean-Jacques Vernazza 17 avenue Andr\u00e9 Roussin 13016 MARSEILLE &#8211; FRANCE.T\u00e9l : +33(0) 4.91.03.81.91Fax : +33(0) 4.91.09.32.82 R.C.S Marseille 325 793 560 &#8211; TVA FR 59 325 793 560 R\u00c9ALISATION : MEDIACO LEVAGE, Service informatique &amp; communication, Espace Jean-Jacques Vernazza 17 avenue Andr\u00e9 Roussin 13016 MARSEILLE &#8211; FRANCE.T\u00e9l : [&hellip;]<\/p>\n","protected":false},"author":1,"featured_media":0,"parent":0,"menu_order":0,"comment_status":"closed","ping_status":"closed","template":"elementor_header_footer","meta":{"footnotes":""},"class_list":["post-12800","page","type-page","status-publish","hentry"],"yoast_head":"<!-- This site is optimized with the Yoast SEO plugin v26.7 - https:\/\/yoast.com\/wordpress\/plugins\/seo\/ -->\n<title>Mentions l\u00e9gales - MEDIACO<\/title>\n<meta name=\"description\" content=\"Droits des utilisateurs sur leur donn\u00e9es, utilisation des donn\u00e9es personnelles, informations sur le site Mediaco.\" \/>\n<meta name=\"robots\" content=\"noindex, nofollow\" \/>\n<meta property=\"og:locale\" content=\"fr_FR\" \/>\n<meta property=\"og:type\" content=\"article\" \/>\n<meta property=\"og:title\" content=\"Mentions l\u00e9gales - MEDIACO\" \/>\n<meta property=\"og:description\" content=\"Droits des utilisateurs sur leur donn\u00e9es, utilisation des donn\u00e9es personnelles, informations sur le site Mediaco.\" \/>\n<meta property=\"og:url\" content=\"https:\/\/mediaco-groupe.com\/fr\/mentions-legales\/\" \/>\n<meta property=\"og:site_name\" content=\"Location et vente de nacelles, grues, mat\u00e9riels de levage - Mediaco\" \/>\n<meta property=\"article:publisher\" content=\"https:\/\/www.facebook.com\/GroupeMediaco\" \/>\n<meta property=\"article:modified_time\" content=\"2025-04-24T13:39:54+00:00\" \/>\n<meta name=\"twitter:card\" content=\"summary_large_image\" \/>\n<meta name=\"twitter:site\" content=\"@GroupeMediaco\" \/>\n<meta name=\"twitter:label1\" content=\"Dur\u00e9e de lecture estim\u00e9e\" \/>\n\t<meta name=\"twitter:data1\" content=\"2 minutes\" \/>\n<script type=\"application\/ld+json\" class=\"yoast-schema-graph\">{\"@context\":\"https:\/\/schema.org\",\"@graph\":[{\"@type\":\"WebPage\",\"@id\":\"https:\/\/mediaco-groupe.com\/mentions-legales\/\",\"url\":\"https:\/\/mediaco-groupe.com\/mentions-legales\/\",\"name\":\"Mentions l\u00e9gales - MEDIACO\",\"isPartOf\":{\"@id\":\"https:\/\/mediaco-groupe.com\/fr\/#website\"},\"datePublished\":\"2022-05-02T14:18:18+00:00\",\"dateModified\":\"2025-04-24T13:39:54+00:00\",\"description\":\"Droits des utilisateurs sur leur donn\u00e9es, utilisation des donn\u00e9es personnelles, informations sur le site Mediaco.\",\"breadcrumb\":{\"@id\":\"https:\/\/mediaco-groupe.com\/mentions-legales\/#breadcrumb\"},\"inLanguage\":\"fr-FR\",\"potentialAction\":[{\"@type\":\"ReadAction\",\"target\":[\"https:\/\/mediaco-groupe.com\/mentions-legales\/\"]}]},{\"@type\":\"BreadcrumbList\",\"@id\":\"https:\/\/mediaco-groupe.com\/mentions-legales\/#breadcrumb\",\"itemListElement\":[{\"@type\":\"ListItem\",\"position\":1,\"name\":\"Accueil\",\"item\":\"https:\/\/mediaco-groupe.com\/fr\/\"},{\"@type\":\"ListItem\",\"position\":2,\"name\":\"Mentions l\u00e9gales\"}]},{\"@type\":\"WebSite\",\"@id\":\"https:\/\/mediaco-groupe.com\/fr\/#website\",\"url\":\"https:\/\/mediaco-groupe.com\/fr\/\",\"name\":\"Location et vente de nacelles, grues, mat\u00e9riels de levage - Mediaco\",\"description\":\"Premier r\u00e9seau en France dans le Levage et la Manutention\",\"publisher\":{\"@id\":\"https:\/\/mediaco-groupe.com\/fr\/#organization\"},\"potentialAction\":[{\"@type\":\"SearchAction\",\"target\":{\"@type\":\"EntryPoint\",\"urlTemplate\":\"https:\/\/mediaco-groupe.com\/fr\/?s={search_term_string}\"},\"query-input\":{\"@type\":\"PropertyValueSpecification\",\"valueRequired\":true,\"valueName\":\"search_term_string\"}}],\"inLanguage\":\"fr-FR\"},{\"@type\":\"Organization\",\"@id\":\"https:\/\/mediaco-groupe.com\/fr\/#organization\",\"name\":\"Mediaco Levage\",\"url\":\"https:\/\/mediaco-groupe.com\/fr\/\",\"logo\":{\"@type\":\"ImageObject\",\"inLanguage\":\"fr-FR\",\"@id\":\"https:\/\/mediaco-groupe.com\/fr\/#\/schema\/logo\/image\/\",\"url\":\"https:\/\/mediaco-groupe.com\/wp-content\/uploads\/2022\/01\/logo-mediaco.svg\",\"contentUrl\":\"https:\/\/mediaco-groupe.com\/wp-content\/uploads\/2022\/01\/logo-mediaco.svg\",\"width\":590,\"height\":72,\"caption\":\"Mediaco Levage\"},\"image\":{\"@id\":\"https:\/\/mediaco-groupe.com\/fr\/#\/schema\/logo\/image\/\"},\"sameAs\":[\"https:\/\/www.facebook.com\/GroupeMediaco\",\"https:\/\/x.com\/GroupeMediaco\",\"https:\/\/www.linkedin.com\/company\/mediaco\/\",\"https:\/\/www.youtube.com\/MediacoLevage\",\"https:\/\/www.instagram.com\/groupemediaco\/\"]}]}<\/script>\n<!-- \/ Yoast SEO plugin. -->","yoast_head_json":{"title":"Mentions l\u00e9gales - MEDIACO","description":"Droits des utilisateurs sur leur donn\u00e9es, utilisation des donn\u00e9es personnelles, informations sur le site Mediaco.","robots":{"index":"noindex","follow":"nofollow"},"og_locale":"fr_FR","og_type":"article","og_title":"Mentions l\u00e9gales - MEDIACO","og_description":"Droits des utilisateurs sur leur donn\u00e9es, utilisation des donn\u00e9es personnelles, informations sur le site Mediaco.","og_url":"https:\/\/mediaco-groupe.com\/fr\/mentions-legales\/","og_site_name":"Location et vente de nacelles, grues, mat\u00e9riels de levage - Mediaco","article_publisher":"https:\/\/www.facebook.com\/GroupeMediaco","article_modified_time":"2025-04-24T13:39:54+00:00","twitter_card":"summary_large_image","twitter_site":"@GroupeMediaco","twitter_misc":{"Dur\u00e9e de lecture estim\u00e9e":"2 minutes"},"schema":{"@context":"https:\/\/schema.org","@graph":[{"@type":"WebPage","@id":"https:\/\/mediaco-groupe.com\/mentions-legales\/","url":"https:\/\/mediaco-groupe.com\/mentions-legales\/","name":"Mentions l\u00e9gales - MEDIACO","isPartOf":{"@id":"https:\/\/mediaco-groupe.com\/fr\/#website"},"datePublished":"2022-05-02T14:18:18+00:00","dateModified":"2025-04-24T13:39:54+00:00","description":"Droits des utilisateurs sur leur donn\u00e9es, utilisation des donn\u00e9es personnelles, informations sur le site Mediaco.","breadcrumb":{"@id":"https:\/\/mediaco-groupe.com\/mentions-legales\/#breadcrumb"},"inLanguage":"fr-FR","potentialAction":[{"@type":"ReadAction","target":["https:\/\/mediaco-groupe.com\/mentions-legales\/"]}]},{"@type":"BreadcrumbList","@id":"https:\/\/mediaco-groupe.com\/mentions-legales\/#breadcrumb","itemListElement":[{"@type":"ListItem","position":1,"name":"Accueil","item":"https:\/\/mediaco-groupe.com\/fr\/"},{"@type":"ListItem","position":2,"name":"Mentions l\u00e9gales"}]},{"@type":"WebSite","@id":"https:\/\/mediaco-groupe.com\/fr\/#website","url":"https:\/\/mediaco-groupe.com\/fr\/","name":"Location et vente de nacelles, grues, mat\u00e9riels de levage - Mediaco","description":"Premier r\u00e9seau en France dans le Levage et la Manutention","publisher":{"@id":"https:\/\/mediaco-groupe.com\/fr\/#organization"},"potentialAction":[{"@type":"SearchAction","target":{"@type":"EntryPoint","urlTemplate":"https:\/\/mediaco-groupe.com\/fr\/?s={search_term_string}"},"query-input":{"@type":"PropertyValueSpecification","valueRequired":true,"valueName":"search_term_string"}}],"inLanguage":"fr-FR"},{"@type":"Organization","@id":"https:\/\/mediaco-groupe.com\/fr\/#organization","name":"Mediaco Levage","url":"https:\/\/mediaco-groupe.com\/fr\/","logo":{"@type":"ImageObject","inLanguage":"fr-FR","@id":"https:\/\/mediaco-groupe.com\/fr\/#\/schema\/logo\/image\/","url":"https:\/\/mediaco-groupe.com\/wp-content\/uploads\/2022\/01\/logo-mediaco.svg","contentUrl":"https:\/\/mediaco-groupe.com\/wp-content\/uploads\/2022\/01\/logo-mediaco.svg","width":590,"height":72,"caption":"Mediaco Levage"},"image":{"@id":"https:\/\/mediaco-groupe.com\/fr\/#\/schema\/logo\/image\/"},"sameAs":["https:\/\/www.facebook.com\/GroupeMediaco","https:\/\/x.com\/GroupeMediaco","https:\/\/www.linkedin.com\/company\/mediaco\/","https:\/\/www.youtube.com\/MediacoLevage","https:\/\/www.instagram.com\/groupemediaco\/"]}]}},"_links":{"self":[{"href":"https:\/\/mediaco-groupe.com\/fr\/wp-json\/wp\/v2\/pages\/12800","targetHints":{"allow":["GET"]}}],"collection":[{"href":"https:\/\/mediaco-groupe.com\/fr\/wp-json\/wp\/v2\/pages"}],"about":[{"href":"https:\/\/mediaco-groupe.com\/fr\/wp-json\/wp\/v2\/types\/page"}],"author":[{"embeddable":true,"href":"https:\/\/mediaco-groupe.com\/fr\/wp-json\/wp\/v2\/users\/1"}],"replies":[{"embeddable":true,"href":"https:\/\/mediaco-groupe.com\/fr\/wp-json\/wp\/v2\/comments?post=12800"}],"version-history":[{"count":4,"href":"https:\/\/mediaco-groupe.com\/fr\/wp-json\/wp\/v2\/pages\/12800\/revisions"}],"predecessor-version":[{"id":871425,"href":"https:\/\/mediaco-groupe.com\/fr\/wp-json\/wp\/v2\/pages\/12800\/revisions\/871425"}],"wp:attachment":[{"href":"https:\/\/mediaco-groupe.com\/fr\/wp-json\/wp\/v2\/media?parent=12800"}],"curies":[{"name":"wp","href":"https:\/\/api.w.org\/{rel}","templated":true}]}}